{"id":276,"date":"2009-09-07T13:57:29","date_gmt":"2009-09-07T11:57:29","guid":{"rendered":"http:\/\/rosa-luxemburg.info\/?page_id=276"},"modified":"2023-09-23T04:05:02","modified_gmt":"2023-09-23T02:05:02","slug":"kontakt","status":"publish","type":"page","link":"https:\/\/www.rosa-luxemburg.com\/test\/kontakt\/","title":{"rendered":"Kontakt"},"content":{"rendered":"<p>Die <em>Rosa-Luxemburg-Initiative \u2013 Bremer Forum f\u00fcr Bildung, Gesellschaftsanalyse und -kritik e.V.<\/em> ist die Bremer Landesstiftung der <a href=\"http:\/\/www.rosalux.de\" target=\"_blank\" rel=\"noopener noreferrer\">Rosa-Luxemburg-Stiftung<\/a> in Berlin. Hier finden Sie unser <a href=\"https:\/\/www.rosa-luxemburg.com\/test\/impressum\/\">Impressum<\/a> und hier unsere\u00a0<a href=\"https:\/\/www.rosa-luxemburg.com\/test\/datenschutzerklaerung\/\">Erkl\u00e4rung zum Datenschutz<\/a>. \u2013 In unserem <a href=\"https:\/\/www.rosa-luxemburg.com\/test\/download\/\">Download-Bereich<\/a> finden sich unsere Logo-Dateien und Abrechnungsformulare.<\/p>\n<h3>Newsletter<\/h3>\n<p>Mit dem Newsletter <strong>RLI-News<\/strong> informiert die Rosa-Luxemburg-Initiative regelm\u00e4\u00dfig per eMail \u00fcber ihre Veranstaltungen und \u00fcber weitere Aktivit\u00e4ten. Unter diesem Link k\u00f6nnen sich Interessierte in unsere Mailingliste selbst eintragen: <a href=\"http:\/\/lists.rosalux.de\/mailman\/listinfo\/rli-news\" target=\"_blank\" rel=\"noopener noreferrer\">RLI-News Infoseite<\/a>. Bei Bedarf k\u00f6nnen auf dieser Seite Mailadressen auch wieder selbst aus unserer Mailingliste ausgetragen werden: Daf\u00fcr wird ein Passwort ben\u00f6tigt, welches man sich an die Mailadresse senden lassen kann, mit der man in der Liste eingetragen ist; oder bitte eine entsprechende Nachricht mit dem Austragen-Wunsch an die Gesch\u00e4ftsstelle senden.<\/p>\n<p>Auch auf unseren <strong>Telegram-Kanal<\/strong> k\u00f6nnt Ihr unsere Ank\u00fcndigungen abonnieren: <a href=\"https:\/\/t.me\/Rosa_Luxemburg_Initiative\" target=\"_blank\" rel=\"noopener\">https:\/\/t.me\/Rosa_Luxemburg_Initiative<\/a>. Bei Bedarf kann der Kanal auch in einem Browser ohne Installation der Telegram-App angeschaut werden: <a href=\"https:\/\/t.me\/s\/Rosa_Luxemburg_Initiative\" target=\"_blank\" rel=\"noopener\">https:\/\/t.me\/s\/Rosa_Luxemburg_Initiative<\/a>.<\/p>\n<h3>Adresse<\/h3>\n<p><strong>Rosa-Luxemburg-Initiative<br \/>\n<\/strong> Bremer Forum f\u00fcr Bildung, Gesellschaftsanalyse und -kritik e.V.<br \/>\n<strong>Rosa-Luxemburg-Stiftung Bremen<\/strong><br \/>\nAm Wall 149\/150 | 28195 Bremen | Germany |<br \/>\nTelefon: +49 421 3909620 | Mail: <a href=\"mailto:info@rosa-luxemburg.com\">info@rosa-luxemburg.com<\/a> | Web: <a href=\"https:\/\/www.rosa-luxemburg.com\/test\/\">www.rosa-luxemburg.com<\/a> |<\/p>\n<h3>Vereinsgremien<\/h3>\n<p>\u00dcbersicht zu den <a href=\"https:\/\/www.rosa-luxemburg.com\/test\/initiative\/vorstand_und_beirat\/\">Mitgliedern von Vorstand,\u00a0Gesch\u00e4ftsstelle und Beirat des Vereins<\/a>, sowie Informationen zu den einzelnen Personen. Die Mitglieder des Vorstandes und der Gesch\u00e4ftsstelle sind in der Regel \u00fcber Mailadressen nach dem Muster <a href=\"mailto:name@rosa-luxemburg.com\">name@rosa-luxemburg.com<\/a> erreichbar.<\/p>\n<h3>B\u00fcro<\/h3>\n<p>Die Rosa-Luxemburg-Initiative ist die Bremer Landesstiftung der <a href=\"http:\/\/www.rosalux.de\/\" target=\"_blank\" rel=\"noopener noreferrer\">Rosa-Luxemburg-Stiftung<\/a>; die Gesch\u00e4ftsstelle des Vereins ist zugleich das Bremer B\u00fcro der Rosa-Luxemburg-Stiftung. <strong>Ansprechpartner<\/strong> im B\u00fcro ist <a title=\"Norbert Schepers\" href=\"https:\/\/www.rosa-luxemburg.com\/test\/initiative\/norbert-schepers\/\">Norbert Schepers<\/a>, Gesch\u00e4ftsf\u00fchrer der Rosa-Luxemburg-Initiative sowie Bremer B\u00fcroleiter der Rosa-Luxemburg-Stiftung, sowie <a href=\"https:\/\/www.rosa-luxemburg.com\/test\/initiative\/patrick-ehnis\">Patrick Ehnis<\/a>, Teilzeit-Mitarbeiter der Rosa-Luxemburg-Initiative f\u00fcr Finanzverwaltung.<\/p>\n<p><strong>\u00d6ffnungszeiten: <\/strong><br \/>\n<em>Jenseits von Pandemie-Zeiten gilt:<\/em> Kernzeiten der Erreichbarkeit im B\u00fcro sind in der Regel Dienstag bis Donnerstags tags\u00fcber. Wegen externen Terminen und anderen Verpflichtungen sind wir allerdings nicht durchgehend erreichbar: Falls Sie uns besuchen m\u00f6chten, sprechen Sie bitte auf jeden Fall vorher einen Termin mit uns ab! <em>Telefonisch <\/em>sind wir in der Regel die ganze Woche tags\u00fcber w\u00e4hrend der Werktage erreichbar. \u2013 Die <em>Schlie\u00dfungszeiten<\/em> unseres B\u00fcros orientieren sich an den <a href=\"http:\/\/www.schulferien.org\/Bremen\/bremen.html\" target=\"_blank\" rel=\"noopener\">Bremer Schulferien und Feiertagen<\/a> sowie an Abwesenheiten durch Dienstreisen.<\/p>\n<p><strong>Lage:<\/strong><br \/>\nUnsere Gesch\u00e4ftsstelle befindet sich in der Bremer Altstadt und etwa acht Minuten Fu\u00dfweg vom Bremer Hauptbahnhof entfernt. Im Haus <strong>Am Wall 149\/150<\/strong> sind wir im 4. Stock zu finden. Wir verf\u00fcgen \u00fcber einen kleinen Konferenzraum, der auch f\u00fcr Seminare und kleinere Veranstaltungen geeignet ist. Die R\u00e4umlichkeiten sind mit einem Aufzug ausgestattet, jedoch leider nicht f\u00fcr die Nutzung mit den meisten Rollst\u00fchlen geeignet. Unser Standort bei <a href=\"https:\/\/g.page\/RosaLuxBremen\" target=\"_blank\" rel=\"noopener\">Google Maps<\/a>.<\/p>\n<p><strong><em>Wegbeschreibung:<\/em><\/strong><br \/>\nVom <em>Herdentor<\/em> bzw. von der <em>S\u00f6gestra\u00dfe<\/em> her kommend <em>Am Wall<\/em> einbiegen nach S\u00fcdosten Richtung Stadtbibliothek, der Eingang der Hauses 149\/150 befindet sich kurz danach zwischen einem H\u00f6rger\u00e4testudio und einem Restaurant.<br \/>\nMit Bus und Bahn bis zu den Haltestellen <em>Herdentor<\/em> oder <em>Sch\u00fcsselkorb<\/em> mit den Linien 4, 6, 8, 24, 25; siehe auch <a href=\"https:\/\/www.bsag.de\/auskunft.html\" target=\"_blank\" rel=\"noopener\">Auskunft BSAG.de<\/a> (oder hier ein Blick auf die ganze <a href=\"https:\/\/www.bsag-netz.de\/\" target=\"_blank\" rel=\"noopener\">Netzkarte<\/a>). Alle zentralen Umsteigepunkte in der Bremer City (<em>Domsheide<\/em>, <em>Hauptbahnhof<\/em> sowie <em>Am Brill<\/em>) liegen ebenfalls fu\u00dfl\u00e4ufig entfernt.<\/p>\n","protected":false},"excerpt":{"rendered":"<p>Die Rosa-Luxemburg-Initiative \u2013 Bremer Forum f\u00fcr Bildung, Gesellschaftsanalyse und -kritik e.V. ist die Bremer Landesstiftung der Rosa-Luxemburg-Stiftung in Berlin. Hier finden Sie unser Impressum und hier unsere\u00a0Erkl\u00e4rung zum Datenschutz. \u2013 [&hellip;]<\/p>\n","protected":false},"author":10,"featured_media":0,"parent":0,"menu_order":0,"comment_status":"open","ping_status":"open","template":"","meta":{"_acf_changed":false,"footnotes":""},"class_list":["post-276","page","type-page","status-publish","hentry"],"acf":[],"aioseo_notices":[],"_links":{"self":[{"href":"https:\/\/www.rosa-luxemburg.com\/test\/wp-json\/wp\/v2\/pages\/276","targetHints":{"allow":["GET"]}}],"collection":[{"href":"https:\/\/www.rosa-luxemburg.com\/test\/wp-json\/wp\/v2\/pages"}],"about":[{"href":"https:\/\/www.rosa-luxemburg.com\/test\/wp-json\/wp\/v2\/types\/page"}],"author":[{"embeddable":true,"href":"https:\/\/www.rosa-luxemburg.com\/test\/wp-json\/wp\/v2\/users\/10"}],"replies":[{"embeddable":true,"href":"https:\/\/www.rosa-luxemburg.com\/test\/wp-json\/wp\/v2\/comments?post=276"}],"version-history":[{"count":149,"href":"https:\/\/www.rosa-luxemburg.com\/test\/wp-json\/wp\/v2\/pages\/276\/revisions"}],"predecessor-version":[{"id":10822,"href":"https:\/\/www.rosa-luxemburg.com\/test\/wp-json\/wp\/v2\/pages\/276\/revisions\/10822"}],"wp:attachment":[{"href":"https:\/\/www.rosa-luxemburg.com\/test\/wp-json\/wp\/v2\/media?parent=276"}],"curies":[{"name":"wp","href":"https:\/\/api.w.org\/{rel}","templated":true}]}}