{"id":280,"date":"2009-09-07T14:01:55","date_gmt":"2009-09-07T12:01:55","guid":{"rendered":"http:\/\/rosa-luxemburg.info\/?page_id=280"},"modified":"2024-07-10T20:10:52","modified_gmt":"2024-07-10T18:10:52","slug":"vorstand_und_beirat","status":"publish","type":"page","link":"https:\/\/www.rosa-luxemburg.com\/test\/initiative\/vorstand_und_beirat\/","title":{"rendered":"Vorstand und Beirat"},"content":{"rendered":"<p>Mitglieder von Vorstand und Beirat der Rosa-Luxemburg-Initiative e.V.<\/p>\n<p>Die Mitgliederversammlung des Vereins w\u00e4hlt den Vorstand, zuletzt am 9. Juli 2024. Dieser wird in seiner Arbeit von einem Beirat unterst\u00fctzt und beraten. Die Mitglieder der Gesch\u00e4ftsstelle und des Vorstandes sind \u00fcber Mailadressen nach dem Muster <a href=\"mailto:name@rosa-luxemburg.com\">name@rosa-luxemburg.com<\/a> erreichbar. Der Vorstand ist \u00fcber die <a href=\"https:\/\/www.rosa-luxemburg.com\/test\/kontakt\/\">Gesch\u00e4ftsstelle des Vereins<\/a> erreichbar.<\/p>\n<p><strong>Vorstand:<\/strong><\/p>\n<p><strong>Judith Kluthe<\/strong>, <em>1. Vorsitzende<\/em><\/p>\n<p><strong>Florian K\u00f6nig<\/strong>, <em>2. Vorsitzender<\/em><\/p>\n<p><strong>Robin Forstenh\u00e4usler<\/strong>, <em>Finanzverantwortlicher<\/em><\/p>\n<p><a href=\"https:\/\/www.rosa-luxemburg.com\/test\/initiative\/norbert-schepers\">Norbert Schepers<\/a>,\u00a0<em>Gesch\u00e4ftsf\u00fchrer des Vereins<br \/>\n<\/em><\/p>\n<p><strong>Beirat:<\/strong><\/p>\n<p><a href=\"https:\/\/www.doris-achelwilm.de\/\" target=\"_blank\" rel=\"noopener\">Doris Achelwilm<\/a> | Henning Bode | Jan B\u00f6nkost | <a href=\"https:\/\/www.rosa-luxemburg.com\/test\/initiative\/patrick-ehnis\">Patrick Ehnis<\/a> | <a href=\"https:\/\/ownw.de\/christoph\/\" target=\"_blank\" rel=\"noopener\">Christoph Engemann<\/a> | Gudrun Fischer | Kathrin Herold | <a href=\"https:\/\/www.meta.uni-bremen.de\/kompetenzzentrum\/team\/henrike-illig\" target=\"_blank\" rel=\"noopener\">Henrike Illig<\/a> | Kai Kaschinski | Nils Katz | <a href=\"https:\/\/www.hs-bremen.de\/person\/akrueger\/\" target=\"_blank\" rel=\"noopener\">Antje Krueger<\/a> | <a href=\"https:\/\/www.rosa-luxemburg.com\/test\/initiative\/samim-cagri-ocakli\">Samim Cagri Ocakli<\/a> | <a href=\"https:\/\/www.rosa-luxemburg.com\/test\/initiative\/sarah-pansy\/\">Sarah Pansy<\/a> |\u00a0<a href=\"https:\/\/www.rosa-luxemburg.com\/test\/initiative\/moritz-zeiler\">Moritz Zeiler<\/a> | Sowie die Mitglieder des Vorstandes<\/p>\n<p><strong>Gesch\u00e4ftsstelle:<\/strong><\/p>\n<p><a href=\"https:\/\/www.rosa-luxemburg.com\/test\/initiative\/norbert-schepers\">Norbert Schepers<\/a>,\u00a0<em>Gesch\u00e4ftsf\u00fchrer der Rosa-Luxemburg-Initiative sowie Leiter des Bremer B\u00fcros der Rosa-Luxemburg-Stiftung<\/em><\/p>\n<p><a href=\"https:\/\/www.rosa-luxemburg.com\/test\/initiative\/patrick-ehnis\">Patrick Ehnis<\/a>, <em>Teilzeit-Mitarbeiter Finanzverwaltung<\/em><\/p>\n<p><em>\u00a0<\/em><\/p>\n","protected":false},"excerpt":{"rendered":"<p>Mitglieder von Vorstand und Beirat der Rosa-Luxemburg-Initiative e.V. Die Mitgliederversammlung des Vereins w\u00e4hlt den Vorstand, zuletzt am 9. Juli 2024. Dieser wird in seiner Arbeit von einem Beirat unterst\u00fctzt und [&hellip;]<\/p>\n","protected":false},"author":10,"featured_media":0,"parent":240,"menu_order":0,"comment_status":"open","ping_status":"open","template":"","meta":{"_acf_changed":false,"footnotes":""},"class_list":["post-280","page","type-page","status-publish","hentry"],"acf":[],"aioseo_notices":[],"_links":{"self":[{"href":"https:\/\/www.rosa-luxemburg.com\/test\/wp-json\/wp\/v2\/pages\/280","targetHints":{"allow":["GET"]}}],"collection":[{"href":"https:\/\/www.rosa-luxemburg.com\/test\/wp-json\/wp\/v2\/pages"}],"about":[{"href":"https:\/\/www.rosa-luxemburg.com\/test\/wp-json\/wp\/v2\/types\/page"}],"author":[{"embeddable":true,"href":"https:\/\/www.rosa-luxemburg.com\/test\/wp-json\/wp\/v2\/users\/10"}],"replies":[{"embeddable":true,"href":"https:\/\/www.rosa-luxemburg.com\/test\/wp-json\/wp\/v2\/comments?post=280"}],"version-history":[{"count":150,"href":"https:\/\/www.rosa-luxemburg.com\/test\/wp-json\/wp\/v2\/pages\/280\/revisions"}],"predecessor-version":[{"id":11653,"href":"https:\/\/www.rosa-luxemburg.com\/test\/wp-json\/wp\/v2\/pages\/280\/revisions\/11653"}],"up":[{"embeddable":true,"href":"https:\/\/www.rosa-luxemburg.com\/test\/wp-json\/wp\/v2\/pages\/240"}],"wp:attachment":[{"href":"https:\/\/www.rosa-luxemburg.com\/test\/wp-json\/wp\/v2\/media?parent=280"}],"curies":[{"name":"wp","href":"https:\/\/api.w.org\/{rel}","templated":true}]}}