{"id":3675,"date":"2013-01-29T02:33:50","date_gmt":"2013-01-29T00:33:50","guid":{"rendered":"http:\/\/www.rosa-luxemburg.com\/?page_id=3675"},"modified":"2017-10-25T14:54:02","modified_gmt":"2017-10-25T12:54:02","slug":"norbert-schepers","status":"publish","type":"page","link":"https:\/\/www.rosa-luxemburg.com\/test\/initiative\/norbert-schepers\/","title":{"rendered":"Norbert Schepers"},"content":{"rendered":"<p><strong>Leiter des Bremer B\u00fcros der Rosa-Luxemburg-Stiftung<\/strong> und <strong>Gesch\u00e4ftsf\u00fchrer<\/strong> der Rosa-Luxemburg-Initiative e.V.<\/p>\n<p>Norbert Schepers, Jahrgang 1968, Diplom-Politikwissenschaftler, Vater zweier S\u00f6hne.<\/p>\n<p>In den Neunzigern auf verschiedenen Baustellen der undogmatischen radikalen Linken unterwegs (Schwerpunkte u.a. Internationalismus und Antirassismus); in den Achtzigern in der Jugendverbandsarbeit. 1996\/97 Vorsitzender des AStA an der Universit\u00e4t Bremen. Ab Ende 1996 selbst\u00e4ndige T\u00e4tigkeiten in den Bereichen Bildung, Gestaltung und Kommunikation sowie Projektmanagement. Berufserfahrung in der au\u00dferschulischen Bildung und in der Jugendbildung, in der beruflichen Erwachsenenbildung und in der politischen Bildung.<\/p>\n<p>Gr\u00fcndete im Juni 1999 zusammen mit vielen linken AktivistInnen zusammen die Rosa-Luxemburg-Initiative e.V. und ist seitdem im Vorstand bzw. in der Gesch\u00e4ftsf\u00fchrung des Vereins t\u00e4tig. 2006 Aufbau und Leitung des Bremer Regionalb\u00fcros der Rosa-Luxemburg-Stiftung. Ab 2007 dann in Berlin besch\u00e4ftigt, und dort vier Jahre t\u00e4tig als wissenschaftlicher Mitarbeiter der Dresdner Bundestagsabgeordneten <a href=\"http:\/\/www.katja-kipping.de\" target=\"_blank\" rel=\"noopener noreferrer\">Katja Kipping<\/a> (Sozialpolitikerin und Verfechterin eines Bedingungslosen Grundeinkommens, damals stellvertretende Vorsitzende der Partei DIE LINKE und Vorsitzende des Bundestagsausschusses f\u00fcr Arbeit und Soziales, inzwischen Bundesvorsitzende der Linkspartei).<\/p>\n<p>Ab Herbst 2010 anschlie\u00dfend erneut selbst\u00e4ndig t\u00e4tig in den Bereichen Politik- und Organisationsberatung, Projektmanagement, Politikvermittlung; Gr\u00fcndung der Agentur Trigramm f\u00fcr Politik- und Organisationsberatung, mit St\u00fctzpunkten in Bremen und Berlin. Projekte waren zuletzt die Herausgabe und Redaktion der deutsprachigen Ausgabe der Zeitschrift <a href=\"http:\/\/www.transform-network.net\/\" target=\"_blank\" rel=\"noopener noreferrer\">&#8222;transform!&#8220;<\/a> und von Mitte 2011 bis Mitte 2012 f\u00fcr das B\u00fcro Br\u00fcssel der Rosa-Luxemburg-Stiftung der Aufbau, die Konzeption und Koordination der Europapolitischen Bildungsbausteine der RLS nebst Entwicklung der Projektwebsite <a href=\"http:\/\/www.europa-links.eu\" target=\"_blank\" rel=\"noopener noreferrer\">europa-links.eu<\/a>.<\/p>\n<p>In der bundesweiten Rosa-Luxemburg-Stiftung seit 2004 Sprecher der Landesstiftungen und seit 2008 beratendes Mitglied im Vorstand der RLS (zuvor von 2002 bis 2006 Mitglied im Kuratorium der Stiftung) bis zum Herbst 2012. Mitgestaltung des Aufbaus des Jugendbildungsnetzwerks der RLS von 2002 bis 2007. In der Bremer Landesstiftung seit der Gr\u00fcndung des Vereins im Juni 1999 t\u00e4tig als Sprecher von Beirat und Arbeitsausschuss, im Vorstand seit 2000, Vorsitzender von 2001 bis 2012; Gesch\u00e4ftsf\u00fchrer der Rosa-Luxemburg-Initiative bis Januar 2007 und wieder ab September 2012. Ebenfalls seit Mitte September 2012 wieder als Leiter des Regionalb\u00fcros Bremen bei der Rosa-Luxemburg-Stiftung angestellt.<\/p>\n<p>Schwerpunkte der politischen Arbeit waren zuletzt vor allem Antifaschismus, Geschichtspolitik und NS-Vergangenheit; Netzpolitik, Politiken der Informationsgesellschaft und digitaler Kapitalismus; Sozialpolitik und bedingungsloses Grundeinkommen sowie Europapolitik, internationale Beziehungen und Sicherheitspolitik. Und immer mal wieder gerne Bu\u0308ndnis- und Kampagnenarbeit: zuletzt in Bremen als einer der Pressesprecher beim Bu\u0308ndnis \u201eKeinen Meter\u201c gegen den NPD-Aufmarsch im Bremer Wahlkampf 2011, bundesweit bei den Protesten gegen die G8 in Heiligendamm 2007. \u2013 Ein besonderes Interesse richtet sich auf Zusammenh\u00e4nge von Technik und Gesellschaft, vor diesem Hintergrund steht eine intensive Besch\u00e4ftigung mit dem Ph\u00e4nomen der Drohnenkriege. Aktuelle Termine f\u00fcr Vortr\u00e4ge rund um die Themen Drohnen, Sicherheitspolitik etc. finden sich unter <a href=\"http:\/\/norbert.schepers.info\/p\/the-drone-wars.html\" target=\"_blank\" rel=\"noopener noreferrer\">www.norbert.schepers.info<\/a>.<\/p>\n<p>Ver\u00f6ffentlichung u.a.: \u201cGrundeinkommen. Von der Idee zu einer europ\u00e4ischen politischen Bewegung\u201d, als Herausgeber zusammen mit Ronald Blaschke und Adeline Otto, Hamburg 2012. Mit einem Vorwort von Katja Kipping; siehe <a href=\"http:\/\/www.rosalux.de\/publication\/38693\/grundeinkommen-1.html\" target=\"_blank\" rel=\"noopener noreferrer\">www.rosalux.de<\/a>. \u2013 <a href=\"https:\/\/www.rosalux.de\/profil\/es_detail\/T1N5R7P6JC\/norbert-schepers\/\" target=\"_blank\" rel=\"noopener noreferrer\">Publikationen bei der Rosa-Luxemburg-Stiftung<\/a>.<\/p>\n<h3>Veranstaltungsangebot: \u201e<strong>The Drone Wars\u201d<\/strong><\/h3>\n<ul>\n<li><a href=\"https:\/\/www.rosa-luxemburg.com\/test\/wp-content\/uploads\/2013\/01\/1402-TheDroneWars-Veranstaltungsangebot-NSchepers.pdf\" target=\"_blank\" rel=\"noopener noreferrer\">Die Drohnenkriege \u2013 Vom Krieg gegen den Terror zu den Roboterkriegen der Zukunft?<\/a> (PDF), sowie unter <a href=\"http:\/\/norbert.schepers.info\/p\/the-drone-wars.html\" target=\"_blank\" rel=\"noopener noreferrer\">norbert.schepers.info<\/a>.<\/li>\n<li>My current proposal for a lecture is also available in English: <a href=\"https:\/\/www.rosa-luxemburg.com\/test\/wp-content\/uploads\/2013\/01\/1402-TheDroneWars-Proposal-for-a-lecture-NSchepers.pdf\" target=\"_blank\" rel=\"noopener noreferrer\">The Drone Wars \u2013 From the \u201cWar on Terror\u201d to the robot wars of the future?<\/a> (PDF).<\/li>\n<\/ul>\n<p>[Stand: Sommer 2014]<\/p>\n<div style=\"width: 430px\" class=\"wp-caption alignnone\"><img loading=\"lazy\" decoding=\"async\" class=\" \" title=\"Bei den G8-Gipfelprotesten Heiligendamm 2007\" src=\"http:\/\/www.prager-fruehling-magazin.de\/kontext\/controllers\/image.php\/o\/227\" alt=\"Bei den G8-Gipfelprotesten Heiligendamm 2007 in Rostock.\" width=\"420\" height=\"560\" \/><p class=\"wp-caption-text\">Bei den G8-Gipfelprotesten Heiligendamm 2007 in Rostock.<br \/>Foto: Katharina Weise \/ prager fr\u00fchling magazin<\/p><\/div>\n<p><strong>Kontakt<\/strong> per Mail an <a href=\"mailto:schepers[at]rosa[dash]luxemburg[dot]com\">schepers at rosa dash luxemburg dot com<\/a> sowie \u00fcber die <a href=\"https:\/\/www.rosa-luxemburg.com\/test\/kontakt\/\">Gesch\u00e4ftsstelle<\/a>.<\/p>\n<p>Blog: <a href=\"http:\/\/norbert.schepers.info\" target=\"_blank\" rel=\"noopener noreferrer\">norbert.schepers.info<\/a> | Twitter:\u00a0<a href=\"https:\/\/twitter.com\/nschepers\" target=\"_blank\" rel=\"noopener noreferrer\">twitter.com\/nschepers<\/a> | Mobil: +49 172 4048640<\/p>\n","protected":false},"excerpt":{"rendered":"<p>Leiter des Bremer B\u00fcros der Rosa-Luxemburg-Stiftung und Gesch\u00e4ftsf\u00fchrer der Rosa-Luxemburg-Initiative e.V. Norbert Schepers, Jahrgang 1968, Diplom-Politikwissenschaftler, Vater zweier S\u00f6hne. In den Neunzigern auf verschiedenen Baustellen der undogmatischen radikalen Linken unterwegs [&hellip;]<\/p>\n","protected":false},"author":10,"featured_media":0,"parent":240,"menu_order":0,"comment_status":"open","ping_status":"open","template":"","meta":{"_acf_changed":false,"footnotes":""},"class_list":["post-3675","page","type-page","status-publish","hentry"],"acf":[],"aioseo_notices":[],"_links":{"self":[{"href":"https:\/\/www.rosa-luxemburg.com\/test\/wp-json\/wp\/v2\/pages\/3675","targetHints":{"allow":["GET"]}}],"collection":[{"href":"https:\/\/www.rosa-luxemburg.com\/test\/wp-json\/wp\/v2\/pages"}],"about":[{"href":"https:\/\/www.rosa-luxemburg.com\/test\/wp-json\/wp\/v2\/types\/page"}],"author":[{"embeddable":true,"href":"https:\/\/www.rosa-luxemburg.com\/test\/wp-json\/wp\/v2\/users\/10"}],"replies":[{"embeddable":true,"href":"https:\/\/www.rosa-luxemburg.com\/test\/wp-json\/wp\/v2\/comments?post=3675"}],"version-history":[{"count":76,"href":"https:\/\/www.rosa-luxemburg.com\/test\/wp-json\/wp\/v2\/pages\/3675\/revisions"}],"predecessor-version":[{"id":8351,"href":"https:\/\/www.rosa-luxemburg.com\/test\/wp-json\/wp\/v2\/pages\/3675\/revisions\/8351"}],"up":[{"embeddable":true,"href":"https:\/\/www.rosa-luxemburg.com\/test\/wp-json\/wp\/v2\/pages\/240"}],"wp:attachment":[{"href":"https:\/\/www.rosa-luxemburg.com\/test\/wp-json\/wp\/v2\/media?parent=3675"}],"curies":[{"name":"wp","href":"https:\/\/api.w.org\/{rel}","templated":true}]}}