{"id":3714,"date":"2013-01-31T19:30:00","date_gmt":"2013-01-31T17:30:00","guid":{"rendered":"http:\/\/www.rosa-luxemburg.com\/?page_id=3714"},"modified":"2019-12-08T02:08:49","modified_gmt":"2019-12-08T00:08:49","slug":"samim-cagri-ocakli","status":"publish","type":"page","link":"https:\/\/www.rosa-luxemburg.com\/test\/initiative\/samim-cagri-ocakli\/","title":{"rendered":"Cagri Ocakli"},"content":{"rendered":"<p><strong>Mitglied im Beirat<\/strong> der Rosa-Luxemburg-Initiative seit Anfang 2011, im Vorstand von Dezember 2012 bis Dezember 2014 als erster Vorsitzender, danach als zweiter Vorsitzender bis Dezember 2017.<\/p>\n<p>Samim \u00c7a\u00f0r\u00fd Ocakl\u00fd, Jahrgang 1982, Bachelor of Arts in Political Science and International Relations (Istanbul), Master of Arts in Sozialpolitikforschung (Bremen); lebt und arbeitet inzwischen in Hamburg als Sozialarbeiter in der Jugendhilfe sowie an seiner Promotion zu Anerkennungstheorien und Transsexualit\u00e4t in Wohlfahrtsstaaten.<\/p>\n<p>Themenschwerpunkte: Politische Theorie, Theorien der Gerechtigkeit, Sozialpolitik, Trans-Gender Forschung.<\/p>\n<p><strong>Kontakt<\/strong> per Mail an\u00a0<a href=\"mailto:ocakli[at]rosa[dash]luxemburg[dot]com\">ocakli at rosa dash luxemburg dot com<\/a> sowie \u00fcber die <a href=\"https:\/\/www.rosa-luxemburg.com\/test\/kontakt\/\">Gesch\u00e4ftsstelle<\/a>.<\/p>\n","protected":false},"excerpt":{"rendered":"<p>Mitglied im Beirat der Rosa-Luxemburg-Initiative seit Anfang 2011, im Vorstand von Dezember 2012 bis Dezember 2014 als erster Vorsitzender, danach als zweiter Vorsitzender bis Dezember 2017. Samim \u00c7a\u00f0r\u00fd Ocakl\u00fd, Jahrgang [&hellip;]<\/p>\n","protected":false},"author":10,"featured_media":0,"parent":240,"menu_order":0,"comment_status":"open","ping_status":"open","template":"","meta":{"_acf_changed":false,"footnotes":""},"class_list":["post-3714","page","type-page","status-publish","hentry"],"acf":[],"aioseo_notices":[],"_links":{"self":[{"href":"https:\/\/www.rosa-luxemburg.com\/test\/wp-json\/wp\/v2\/pages\/3714","targetHints":{"allow":["GET"]}}],"collection":[{"href":"https:\/\/www.rosa-luxemburg.com\/test\/wp-json\/wp\/v2\/pages"}],"about":[{"href":"https:\/\/www.rosa-luxemburg.com\/test\/wp-json\/wp\/v2\/types\/page"}],"author":[{"embeddable":true,"href":"https:\/\/www.rosa-luxemburg.com\/test\/wp-json\/wp\/v2\/users\/10"}],"replies":[{"embeddable":true,"href":"https:\/\/www.rosa-luxemburg.com\/test\/wp-json\/wp\/v2\/comments?post=3714"}],"version-history":[{"count":22,"href":"https:\/\/www.rosa-luxemburg.com\/test\/wp-json\/wp\/v2\/pages\/3714\/revisions"}],"predecessor-version":[{"id":8977,"href":"https:\/\/www.rosa-luxemburg.com\/test\/wp-json\/wp\/v2\/pages\/3714\/revisions\/8977"}],"up":[{"embeddable":true,"href":"https:\/\/www.rosa-luxemburg.com\/test\/wp-json\/wp\/v2\/pages\/240"}],"wp:attachment":[{"href":"https:\/\/www.rosa-luxemburg.com\/test\/wp-json\/wp\/v2\/media?parent=3714"}],"curies":[{"name":"wp","href":"https:\/\/api.w.org\/{rel}","templated":true}]}}