{"id":3724,"date":"2013-01-31T19:54:55","date_gmt":"2013-01-31T17:54:55","guid":{"rendered":"http:\/\/www.rosa-luxemburg.com\/?page_id=3724"},"modified":"2019-12-08T02:11:16","modified_gmt":"2019-12-08T00:11:16","slug":"sabine-herold","status":"publish","type":"page","link":"https:\/\/www.rosa-luxemburg.com\/test\/initiative\/sabine-herold\/","title":{"rendered":"Sabine Herold"},"content":{"rendered":"<p><strong>Mitglied im Beirat<\/strong> der Rosa-Luxemburg-Initiative seit Januar 2003, zweite Vorsitzende der Rosa-Luxemburg-Initiative von Juni 2005 bis Oktober 2008. Von Januar 2012 bis Dezember 2015 Mitarbeiterin der Rosa-Luxemburg-Initiative im Bereich Finanzen.<\/p>\n<p>Sabine Herold, Sozialarbeitswissenschaftlerin. Selbst\u00e4ndig t\u00e4tig im Bereich Bildung und Diversity\/Interkulturelles.<\/p>\n<p>Von Anfang 2004 bis Herbst 2008 Jugendbildungsreferentin des DGB Bremen\/Bremerhaven, ab November 2008 bis Fr\u00fchling 2011 Landesgesch\u00e4ftsf\u00fchrerin der Gewerkschaft Erziehung und Wissenschaft Bremen\/Bremerhaven.<\/p>\n<p>Themenschwerpunkte: u.a. Antirassismus und Migration; Internationalismus; Antifaschismus.<br \/>\nVer\u00f6ffentlichung: \u201cWenn Frauen fl\u00fcchten. Formen geschlechtsspezifischer Verfolgung und die Situation von asylsuchenden Frauen in Deutschland\u201d, Aachen 2005.<\/p>\n<p><strong>Kontakt<\/strong> per Mail an\u00a0<a href=\"mailto:herold[at]rosa[dash]luxemburg[dot]com\">herold at rosa dash luxemburg dot com<\/a> sowie \u00fcber die <a href=\"https:\/\/www.rosa-luxemburg.com\/test\/kontakt\/\">Gesch\u00e4ftsstelle<\/a>.<\/p>\n","protected":false},"excerpt":{"rendered":"<p>Mitglied im Beirat der Rosa-Luxemburg-Initiative seit Januar 2003, zweite Vorsitzende der Rosa-Luxemburg-Initiative von Juni 2005 bis Oktober 2008. Von Januar 2012 bis Dezember 2015 Mitarbeiterin der Rosa-Luxemburg-Initiative im Bereich Finanzen. [&hellip;]<\/p>\n","protected":false},"author":10,"featured_media":0,"parent":240,"menu_order":0,"comment_status":"open","ping_status":"open","template":"","meta":{"_acf_changed":false,"footnotes":""},"class_list":["post-3724","page","type-page","status-publish","hentry"],"acf":[],"aioseo_notices":[],"_links":{"self":[{"href":"https:\/\/www.rosa-luxemburg.com\/test\/wp-json\/wp\/v2\/pages\/3724","targetHints":{"allow":["GET"]}}],"collection":[{"href":"https:\/\/www.rosa-luxemburg.com\/test\/wp-json\/wp\/v2\/pages"}],"about":[{"href":"https:\/\/www.rosa-luxemburg.com\/test\/wp-json\/wp\/v2\/types\/page"}],"author":[{"embeddable":true,"href":"https:\/\/www.rosa-luxemburg.com\/test\/wp-json\/wp\/v2\/users\/10"}],"replies":[{"embeddable":true,"href":"https:\/\/www.rosa-luxemburg.com\/test\/wp-json\/wp\/v2\/comments?post=3724"}],"version-history":[{"count":17,"href":"https:\/\/www.rosa-luxemburg.com\/test\/wp-json\/wp\/v2\/pages\/3724\/revisions"}],"predecessor-version":[{"id":8980,"href":"https:\/\/www.rosa-luxemburg.com\/test\/wp-json\/wp\/v2\/pages\/3724\/revisions\/8980"}],"up":[{"embeddable":true,"href":"https:\/\/www.rosa-luxemburg.com\/test\/wp-json\/wp\/v2\/pages\/240"}],"wp:attachment":[{"href":"https:\/\/www.rosa-luxemburg.com\/test\/wp-json\/wp\/v2\/media?parent=3724"}],"curies":[{"name":"wp","href":"https:\/\/api.w.org\/{rel}","templated":true}]}}