{"id":3726,"date":"2013-01-31T19:56:57","date_gmt":"2013-01-31T17:56:57","guid":{"rendered":"http:\/\/www.rosa-luxemburg.com\/?page_id=3726"},"modified":"2019-12-08T02:09:57","modified_gmt":"2019-12-08T00:09:57","slug":"moritz-zeiler","status":"publish","type":"page","link":"https:\/\/www.rosa-luxemburg.com\/test\/initiative\/moritz-zeiler\/","title":{"rendered":"Moritz Zeiler"},"content":{"rendered":"<p><strong>Mitglied im Beirat<\/strong> der Rosa-Luxemburg-Initiative seit April 2007, im Vorstand von Oktober 2008 bis Dezember 2012. Von Januar 2012 bis Dezember 2015 wissenschaftlicher Mitarbeiter (Teilzeit) der Rosa-Luxemburg-Initiative e.V. im Bereich Veranstaltungsprogramm.<\/p>\n<p>Moritz Zeiler, Jahrgang 1980, Politikwissenschaftler und Historiker.<\/p>\n<p>Themenschwerpunkte u.a. Geschichte sozialer Bewegungen, marxistische Theorie, Staatstheorie, Antisemitismus. Ver\u00f6ffentlichung, als Herausgeber: &#8222;Staatsfragen \u2013 Einf\u00fchrungen in die materialistische Staatskritik&#8220; und &#8222;Maulwurfsarbeit. Aufkl\u00e4rung und Debatte, Kritik und Subversion&#8220;, 2 B\u00e4nde (alle in der Reihe \u00abrls papers\u00bb).<\/p>\n<p><strong>Kontakt<\/strong> per Mail an\u00a0<a href=\"mailto:zeiler[at]rosa[dash]luxemburg[dot]com\">zeiler at rosa dash luxemburg dot com<\/a> sowie \u00fcber die <a href=\"https:\/\/www.rosa-luxemburg.com\/test\/kontakt\/\">Gesch\u00e4ftsstelle<\/a>.<\/p>\n","protected":false},"excerpt":{"rendered":"<p>Mitglied im Beirat der Rosa-Luxemburg-Initiative seit April 2007, im Vorstand von Oktober 2008 bis Dezember 2012. Von Januar 2012 bis Dezember 2015 wissenschaftlicher Mitarbeiter (Teilzeit) der Rosa-Luxemburg-Initiative e.V. im Bereich [&hellip;]<\/p>\n","protected":false},"author":10,"featured_media":0,"parent":240,"menu_order":0,"comment_status":"open","ping_status":"open","template":"","meta":{"_acf_changed":false,"footnotes":""},"class_list":["post-3726","page","type-page","status-publish","hentry"],"acf":[],"aioseo_notices":[],"_links":{"self":[{"href":"https:\/\/www.rosa-luxemburg.com\/test\/wp-json\/wp\/v2\/pages\/3726","targetHints":{"allow":["GET"]}}],"collection":[{"href":"https:\/\/www.rosa-luxemburg.com\/test\/wp-json\/wp\/v2\/pages"}],"about":[{"href":"https:\/\/www.rosa-luxemburg.com\/test\/wp-json\/wp\/v2\/types\/page"}],"author":[{"embeddable":true,"href":"https:\/\/www.rosa-luxemburg.com\/test\/wp-json\/wp\/v2\/users\/10"}],"replies":[{"embeddable":true,"href":"https:\/\/www.rosa-luxemburg.com\/test\/wp-json\/wp\/v2\/comments?post=3726"}],"version-history":[{"count":18,"href":"https:\/\/www.rosa-luxemburg.com\/test\/wp-json\/wp\/v2\/pages\/3726\/revisions"}],"predecessor-version":[{"id":8978,"href":"https:\/\/www.rosa-luxemburg.com\/test\/wp-json\/wp\/v2\/pages\/3726\/revisions\/8978"}],"up":[{"embeddable":true,"href":"https:\/\/www.rosa-luxemburg.com\/test\/wp-json\/wp\/v2\/pages\/240"}],"wp:attachment":[{"href":"https:\/\/www.rosa-luxemburg.com\/test\/wp-json\/wp\/v2\/media?parent=3726"}],"curies":[{"name":"wp","href":"https:\/\/api.w.org\/{rel}","templated":true}]}}