{"id":4165,"date":"2013-03-18T13:20:50","date_gmt":"2013-03-18T11:20:50","guid":{"rendered":"http:\/\/www.rosa-luxemburg.com\/?page_id=4165"},"modified":"2013-12-10T02:53:03","modified_gmt":"2013-12-10T00:53:03","slug":"linke-medienakademie","status":"publish","type":"page","link":"https:\/\/www.rosa-luxemburg.com\/test\/projekte\/linke-medienakademie\/","title":{"rendered":"Linke Medienakademie"},"content":{"rendered":"<p>Die\u00a0<a href=\"http:\/\/www.lima-akademie.de\" target=\"_blank\">LiMA \u2013 Linke Medienakademie<\/a> entstand in den letzten zehn Jahren in Berlin und ist heute der gr\u00f6\u00dfte links-alternative Medienkongress im Land. Doch neben den im Fr\u00fchjahr in Berlin ausgerichteten Akademien f\u00fcr Journalismus, B\u00fcrgermedien, \u00d6ffentlichkeitsarbeit und Medienkompetenz f\u00fchrt der gemeinn\u00fctzige Bildungsverein in Zusammenarbeit mit den Landesstiftungen der Rosa-Luxemburg-Stiftung Weiterbildungsangebote in vielen Bundesl\u00e4ndern durch. In Bremen fand im Dezember 2012 zum ersten Mal eine <em>LiMAregional<\/em> statt, und zwar in Bremerhaven; im Dezember 2013 findet die <em>LiMAregional<\/em> in der Bremer City statt. F\u00fcr 2014 ist ein Seminarprogramm mit mehreren Tagesworkshops in beiden St\u00e4dten vorgesehen.<\/p>\n<p><a href=\"https:\/\/www.rosa-luxemburg.com\/test\/wp-content\/uploads\/2013\/03\/Logo+Claim.jpg\"><img loading=\"lazy\" decoding=\"async\" class=\"size-medium wp-image-5097 \" title=\"LiMA-Logo mit Schriftzug\" alt=\"LiMA-Logo mit Schriftzug\" src=\"https:\/\/www.rosa-luxemburg.com\/test\/wp-content\/uploads\/2013\/03\/Logo+Claim-300x255.jpg\" width=\"300\" height=\"255\" srcset=\"https:\/\/www.rosa-luxemburg.com\/test\/wp-content\/uploads\/2013\/03\/Logo+Claim-300x255.jpg 300w, https:\/\/www.rosa-luxemburg.com\/test\/wp-content\/uploads\/2013\/03\/Logo+Claim-1024x872.jpg 1024w\" sizes=\"auto, (max-width: 300px) 100vw, 300px\" \/><\/a><\/p>\n<p>Konzeptionell wird auf die Durchf\u00fchrung von ein oder zwei Akademietagen an einem Ort gesetzt. Tags\u00fcber finden Workshops mit Medientrainings statt, um praktische Kompetenzaneignung zu erm\u00f6glichen; dazu kommen Veranstaltungen mit PraktikerInnen aus dem Medienalltag, die eine gesellschaftspolitische Reflektion des eigenen medialen Handelns erm\u00f6glichen sollen.<\/p>\n<p><strong>Die Veranstaltungen der Linken\u00a0Medienakademie \u2013 LiMA Bremen<\/strong> finden sich <a href=\"https:\/\/www.rosa-luxemburg.com\/test\/category\/linke-medienakademie\/\">auf der Website der Rosa-Luxemburg-Initiative in der gleichnamigen Kategorie<\/a>.<\/p>\n","protected":false},"excerpt":{"rendered":"<p>Die\u00a0LiMA \u2013 Linke Medienakademie entstand in den letzten zehn Jahren in Berlin und ist heute der gr\u00f6\u00dfte links-alternative Medienkongress im Land. Doch neben den im Fr\u00fchjahr in Berlin ausgerichteten Akademien [&hellip;]<\/p>\n","protected":false},"author":10,"featured_media":0,"parent":247,"menu_order":0,"comment_status":"open","ping_status":"open","template":"","meta":{"_acf_changed":false,"footnotes":""},"class_list":["post-4165","page","type-page","status-publish","hentry"],"acf":[],"aioseo_notices":[],"_links":{"self":[{"href":"https:\/\/www.rosa-luxemburg.com\/test\/wp-json\/wp\/v2\/pages\/4165","targetHints":{"allow":["GET"]}}],"collection":[{"href":"https:\/\/www.rosa-luxemburg.com\/test\/wp-json\/wp\/v2\/pages"}],"about":[{"href":"https:\/\/www.rosa-luxemburg.com\/test\/wp-json\/wp\/v2\/types\/page"}],"author":[{"embeddable":true,"href":"https:\/\/www.rosa-luxemburg.com\/test\/wp-json\/wp\/v2\/users\/10"}],"replies":[{"embeddable":true,"href":"https:\/\/www.rosa-luxemburg.com\/test\/wp-json\/wp\/v2\/comments?post=4165"}],"version-history":[{"count":12,"href":"https:\/\/www.rosa-luxemburg.com\/test\/wp-json\/wp\/v2\/pages\/4165\/revisions"}],"predecessor-version":[{"id":4167,"href":"https:\/\/www.rosa-luxemburg.com\/test\/wp-json\/wp\/v2\/pages\/4165\/revisions\/4167"}],"up":[{"embeddable":true,"href":"https:\/\/www.rosa-luxemburg.com\/test\/wp-json\/wp\/v2\/pages\/247"}],"wp:attachment":[{"href":"https:\/\/www.rosa-luxemburg.com\/test\/wp-json\/wp\/v2\/media?parent=4165"}],"curies":[{"name":"wp","href":"https:\/\/api.w.org\/{rel}","templated":true}]}}