{"id":483,"date":"2010-02-26T13:48:28","date_gmt":"2010-02-26T12:48:28","guid":{"rendered":"http:\/\/www.rosa-luxemburg.com\/impressum\/"},"modified":"2020-07-09T18:55:05","modified_gmt":"2020-07-09T16:55:05","slug":"impressum","status":"publish","type":"page","link":"https:\/\/www.rosa-luxemburg.com\/test\/impressum\/","title":{"rendered":"Impressum"},"content":{"rendered":"<p>Die <em>Rosa-Luxemburg-Initiative &#8211; Bremer Forum f\u00fcr Bildung, Gesellschaftsanalyse und -kritik e.V.<\/em> (kurz: Rosa-Luxemburg-Initiative; RLI) ist beim Amtsgericht Bremen im Vereinsregister mit der Nr. 5809 eingetragen und wird als gemeinn\u00fctziger Verein unter der Steuernummer 460\/145\/05731 beim Finanzamt Bremen gef\u00fchrt. Die <em>Rosa-Luxemburg-Initiative<\/em> ist die Bremer Landesstiftung der <a href=\"http:\/\/www.rosalux.de\" target=\"_blank\" rel=\"noopener noreferrer\">Rosa-Luxemburg-Stiftung<\/a>.<\/p>\n<p>Hier finden Sie unsere <a href=\"https:\/\/www.rosa-luxemburg.com\/test\/kontakt\/\">Kontaktdaten<\/a> und hier unsere\u00a0<a href=\"https:\/\/www.rosa-luxemburg.com\/test\/datenschutzerklaerung\/\">Erkl\u00e4rung zum Datenschutz<\/a>.<\/p>\n<p><strong>Die Website der Rosa-Luxemburg-Initiative<\/strong><\/p>\n<p>Die Internetpr\u00e4senz der Rosa-Luxemburg-Initiative ist unter der Domain <a href=\"https:\/\/www.rosa-luxemburg.com\/test\/\">rosa-luxemburg.com<\/a> erreichbar; weitere von uns registrierte Domains verweisen auf unsere Informationsangebote: <a href=\"http:\/\/www.rosa-luxemburg.info\/\" target=\"_blank\" rel=\"noopener noreferrer\">rosa-luxemburg.info<\/a>, <a href=\"http:\/\/www.digitale-demokratie.org\/\" target=\"_blank\" rel=\"noopener noreferrer\">digitale-demokratie.org<\/a>, sowie <a href=\"http:\/\/www.luxemburg-initiative.de\/\" target=\"_blank\" rel=\"noopener noreferrer\">luxemburg-initiative.de<\/a>, <a href=\"http:\/\/www.rosa-luxemburg-initiative.de\/\" target=\"_blank\" rel=\"noopener noreferrer\">rosa-luxemburg-initiative.de<\/a>,\u00a0<a href=\"http:\/\/www.rosalux.info\/\" target=\"_blank\" rel=\"noopener noreferrer\">rosalux.info<\/a>, <a href=\"http:\/\/www.rosalux.net\/\" target=\"_blank\" rel=\"noopener noreferrer\">rosalux.net<\/a> und <a href=\"http:\/\/www.gesellschaftsanalyse.de\/\" target=\"_blank\" rel=\"noopener noreferrer\">gesellschaftsanalyse.de<\/a>. Diese Internetseiten werden von der Rosa-Luxemburg-Initiative herausgegeben; gesetzlich verantwortlich f\u00fcr die Rosa-Luxemburg-Initiative ist der <a title=\"Vorstand und Beirat\" href=\"https:\/\/www.rosa-luxemburg.com\/test\/initiative\/vorstand_und_beirat\/\">Vorstand des Vereins<\/a>, welcher \u00fcber die <a href=\"https:\/\/www.rosa-luxemburg.com\/test\/kontakt\/\">Gesch\u00e4ftsstelle des Vereins<\/a> erreichbar ist.<\/p>\n<p><strong>Verantwortlicher Kontakt f\u00fcr diese Website (responsible person according to german law):<\/strong><br \/>\nNorbert Schepers, Gesch\u00e4ftsf\u00fchrer<br \/>\nRosa-Luxemburg-Initiative e.V.<br \/>\nAm Wall 149\/150 | 28195 Bremen | Germany<br \/>\nMobil: +49 172 4048640 | Telefon: +49 421 3909620<br \/>\nMail: <a href=\"mailto:info@rosa-luxemburg.com\">info@rosa-luxemburg.com<\/a><\/p>\n<p>Die Aktivit\u00e4ten der Rosa-Luxemburg-Initiative, welche die Grundlage f\u00fcr diese Website bilden, werden durch das Engagement der Mitglieder des Vorstandes und des Beirates sowie weiterer Vereinsmitglieder, SympathisantInnen und KooperationspartnerInnen erm\u00f6glicht. Vielen Dank an alle!<\/p>\n<p><strong>Rechtliche Hinweise<\/strong><\/p>\n<p>Die Inhalte der Website der Rosa-Luxemburg-Initiative und die Inhalte, welche \u00fcber die oben genannten Domains erreichbar sind, werden von der Rosa-Luxemburg-Initiative als Inhaltsanbieterin zu Vereinszwecken (u.a. politische Bildung) ver\u00f6ffentlicht. Namentlich gekennzeichnete Beitr\u00e4ge geben nicht zwingend die Meinung von Verein, Vorstand oder Webmaster wieder, die Rechte liegen in der Regel bei den angegebenen AutorInnen. Fehlende Hinweise auf Urheber- und AutorInnenrechte bedeuteten nicht unbedingt, da\u00df solche nicht existieren oder beansprucht werden.<\/p>\n<p>Die Rosa-Luxemburg-Initiative ist f\u00fcr die eigenen Inhalte, die sie zur Nutzung auf ihrer Website bereith\u00e4lt, nach den allgemeinen Gesetzen verantwortlich. Von diesen eigenen Inhalten sind Verweise (&#8222;Links&#8220;) auf die von anderen AnbieterInnen bereitgehaltenen Inhalte zu unterscheiden. Diese externen Inhalte stammen weder von der Rosa-Luxemburg-Initiative, noch hat die Rosa-Luxemburg-Initiative die M\u00f6glichkeit, den Inhalt von Seiten Dritter zu beeinflussen. Die Inhalte externer Seiten, auf die mittels Links in der Website der Rosa-Luxemburg-Initiative hingewiesen wird, spiegeln nicht die Meinung ders Vereins wieder, sondern dienen lediglich der Information und der Darstellung von Zusammenh\u00e4ngen. Die Rosa-Luxemburg-Initiative haftet nicht f\u00fcr externe Inhalte, auf die lediglich im oben genannten Sinne hingewiesen wird. Die Verantwortlichkeit liegt alleine bei der oder dem AnbieterIn dieser Inhalte.<\/p>\n<p>Mit Urteil vom 12. Mai 1998 hat das Landgericht Hamburg entschieden, da\u00df man durch die Einbindung eines Links gegebenenfalls f\u00fcr die Inhalte der gelinkten Seiten mit verantwortlich ist. Die Rosa-Luxemburg-Initiative, der Vorstand des Vereins und der Webmaster dieser Website m\u00f6chten deshalb ausdr\u00fccklich betonen, da\u00df sie, sowohl einzeln wie gemeinschaftlich, keinerlei Einfluss auf die Gestaltung und die Inhalte der gelinkten Seiten haben. Die Rosa-Luxemburg-Initiative, der Vorstand des Vereins und der Webmaster dieser Website distanzieren sich ausdr\u00fccklich von allen Inhalten aller gelinkten Seiten auf dieser Website und machen sich ihre Inhalte nicht zu Eigen. Diese Erkl\u00e4rung gilt f\u00fcr alle auf der Website der Rosa-Luxemburg-Initiative eingebundenen Links.<\/p>\n","protected":false},"excerpt":{"rendered":"<p>Die Rosa-Luxemburg-Initiative &#8211; Bremer Forum f\u00fcr Bildung, Gesellschaftsanalyse und -kritik e.V. (kurz: Rosa-Luxemburg-Initiative; RLI) ist beim Amtsgericht Bremen im Vereinsregister mit der Nr. 5809 eingetragen und wird als gemeinn\u00fctziger Verein [&hellip;]<\/p>\n","protected":false},"author":10,"featured_media":0,"parent":0,"menu_order":0,"comment_status":"open","ping_status":"open","template":"","meta":{"_acf_changed":false,"footnotes":""},"class_list":["post-483","page","type-page","status-publish","hentry"],"acf":[],"aioseo_notices":[],"_links":{"self":[{"href":"https:\/\/www.rosa-luxemburg.com\/test\/wp-json\/wp\/v2\/pages\/483","targetHints":{"allow":["GET"]}}],"collection":[{"href":"https:\/\/www.rosa-luxemburg.com\/test\/wp-json\/wp\/v2\/pages"}],"about":[{"href":"https:\/\/www.rosa-luxemburg.com\/test\/wp-json\/wp\/v2\/types\/page"}],"author":[{"embeddable":true,"href":"https:\/\/www.rosa-luxemburg.com\/test\/wp-json\/wp\/v2\/users\/10"}],"replies":[{"embeddable":true,"href":"https:\/\/www.rosa-luxemburg.com\/test\/wp-json\/wp\/v2\/comments?post=483"}],"version-history":[{"count":39,"href":"https:\/\/www.rosa-luxemburg.com\/test\/wp-json\/wp\/v2\/pages\/483\/revisions"}],"predecessor-version":[{"id":9255,"href":"https:\/\/www.rosa-luxemburg.com\/test\/wp-json\/wp\/v2\/pages\/483\/revisions\/9255"}],"wp:attachment":[{"href":"https:\/\/www.rosa-luxemburg.com\/test\/wp-json\/wp\/v2\/media?parent=483"}],"curies":[{"name":"wp","href":"https:\/\/api.w.org\/{rel}","templated":true}]}}