{"id":7460,"date":"2016-05-30T11:58:49","date_gmt":"2016-05-30T09:58:49","guid":{"rendered":"http:\/\/www.rosa-luxemburg.com\/?page_id=7460"},"modified":"2016-08-15T07:18:19","modified_gmt":"2016-08-15T05:18:19","slug":"dronewars","status":"publish","type":"page","link":"https:\/\/www.rosa-luxemburg.com\/test\/projekte\/dronewars\/","title":{"rendered":"Drohnenkriege"},"content":{"rendered":"<h3>The Drone Wars \u2013 Die Drohnenkriege<\/h3>\n<p>Die <em>Drohnenkriege<\/em> sind Ausdruck einer rasanten Entwicklung: vom \u201eglobalen Krieg gegen den Terror\u201c nach 9\/11 zur Kriegsf\u00fchrung der Zukunft. Einer Zukunft, die\u00a0gelegentlich der Science Fiction zu entstammen scheint, in der Roboter die schmutzigen Kriege der Menschen k\u00e4mpfen und sich\u00a0schlie\u00dflich gegen ihre Sch\u00f6pfer erheben. Letzteres liegt noch l\u00e4ngst nicht im Bereich des M\u00f6glichen, aber Wege zur Erschaffung autonomer Kampfroboter\u00a0werden bereits beschritten. Der Vortrag ordnet das Ph\u00e4nomen des Drohnenkrieges sicherheitspolitisch ein und bietet einen Ausblick auf k\u00fcnftige Entwicklungen. Internationale Institutionen und Normen sowie humanit\u00e4re Rechtsordnungen erodieren beschleunigt unter dem Druck der unbemannten und automatisierten Kriegsf\u00fchrung.<\/p>\n<p><a href=\"https:\/\/www.rosa-luxemburg.com\/test\/wp-content\/uploads\/2016\/05\/The-Drone-Wars-Logo.png\"><img loading=\"lazy\" decoding=\"async\" class=\"alignnone size-medium wp-image-7447\" src=\"https:\/\/www.rosa-luxemburg.com\/test\/wp-content\/uploads\/2016\/05\/The-Drone-Wars-Logo-300x300.png\" alt=\"The Drone Wars Logo\" width=\"300\" height=\"300\" srcset=\"https:\/\/www.rosa-luxemburg.com\/test\/wp-content\/uploads\/2016\/05\/The-Drone-Wars-Logo-300x300.png 300w, https:\/\/www.rosa-luxemburg.com\/test\/wp-content\/uploads\/2016\/05\/The-Drone-Wars-Logo-150x150.png 150w, https:\/\/www.rosa-luxemburg.com\/test\/wp-content\/uploads\/2016\/05\/The-Drone-Wars-Logo-1024x1024.png 1024w, https:\/\/www.rosa-luxemburg.com\/test\/wp-content\/uploads\/2016\/05\/The-Drone-Wars-Logo.png 1080w\" sizes=\"auto, (max-width: 300px) 100vw, 300px\" \/><\/a><\/p>\n<p>Die Bezeichnung\u00a0<em>Drohnenkrieg<\/em> wurde in den letzten Jahren zu einem popul\u00e4ren Schlagwort und fasst eine Reihe von globalen\u00a0politischen und milit\u00e4rischen Entwicklungen zusammen. Bekannt wurden insbesondere T\u00f6tungseins\u00e4tze britischer und US-amerikanischer\u00a0ferngesteuerter Kampfdrohnen der Typen\u00a0<em>Predator<\/em>\u00a0und\u00a0<em>Reaper<\/em>, welche vor allem mit\u00a0<em>Hellfire<\/em>-Raketen (Luft-Boden-Raketen) Bodenziele beschie\u00dfen. Diese Eins\u00e4tze (derzeit vor allem in Afghanistan, Pakistan, Somalia und Yemen) sind zu einer wesentlichen Ausformung des weltweiten \u201eKrieges gegen den Terror\u201c geworden und dienen der gezielten T\u00f6tung von vermuteten Mitgliedern terroristischer Gruppen, sog. <em>Targeted Killings<\/em>. Doch diese Form der \u201eJagd auf Terroristen\u201c ist alles andere als pr\u00e4zise und sauber, denn bei den Explosionen, mit denen die Terrorverd\u00e4chtigen quasi hingerichtet werden, sterben auch immer wieder zahlreiche Unbeteiligte bzw. Zivilisten, z.B. durch den Beschuss von Wohngeb\u00e4uden, PKWs oder anderen zivilen Zielen.<\/p>\n<p>Die <em>Signature Strikes<\/em> sind eine Art Rasterfahndung mit Drohnen und Vor-Ort-Exekution durch Raketenbeschuss in bestimmten Gegenden (\u201estrike zones\u201d, wie z.B. in den Stammesgebieten in Nordwest-Pakistan), wobei die Identit\u00e4t der Zielpersonen nicht mehr bekannt sein muss: Es reichen bereits sehr allgemeine Verhaltensmuster und Gruppenmerkmale (\u201eall military-age males in a strike zone\u201d) als Verdachtsgrund \u2013 worauf dann die T\u00f6tungsentscheidung basiert.<\/p>\n<p><a href=\"https:\/\/www.rosa-luxemburg.com\/test\/news\/2015\/veranstaltungstournee-die-drohnenkriege\/\">Unter der Fragestellung \u201eVom Krieg gegen den Terror zu den Roboterkriegen der Zukunft?\u201c<\/a> finden <a href=\"https:\/\/www.rosa-luxemburg.com\/test\/news\/2013\/drohnenkriege-kriegsfuhrung-der-zukunft\/\">seit 2013<\/a> laufend und \u00fcberregional Veranstaltungen mit dem Referenten <a href=\"https:\/\/www.rosa-luxemburg.com\/test\/initiative\/norbert-schepers\/\">Norbert Schepers<\/a>, Politikwissenschaftler und Leiter des Bremer B\u00fcros der Rosa-Luxemburg-Stiftung, bei verschiedenen VeranstalterInnen statt. Eine kleine <a href=\"http:\/\/norbert.schepers.info\/p\/the-drone-wars.html\" target=\"_blank\">Kampagnen-Website des Referenten<\/a> zur Veranstaltungstournee bietet einen Abstrakt des Vortrages und Texte zu verschiedenen Aspekten des Themas, eine Termin\u00fcbersicht und nicht zuletzt ein einst\u00fcndiges <a href=\"http:\/\/norbert.schepers.info\/2014\/01\/video-die-drohnenkriege-beim-30c3.html\" target=\"_blank\">Vortrags-Video<\/a> sowie weiterf\u00fchrende Links.<\/p>\n<p>Der Vortrag kann weiterhin abgefragt werden, und es k\u00f6nnen je nach Bedarf verschiedene Schwerpunkte und Varianten vereinbart werden, u.a. zur Geschichte und \u00d6konomie der Drohnentechnologie, zu Zusammenh\u00e4ngen mit der globalen \u00dcberwachung durch die Geheimdienste und mit dem \u201eglobalen Krieg gegen den Terror\u201c sowie zur Rolle der Bundesrepublik Deutschland im weltweiten Drohnenkrieg. \u2013 Interessierte wenden sich bitte direkt an den Referenten <a href=\"https:\/\/www.rosa-luxemburg.com\/test\/initiative\/norbert-schepers\/\">Norbert Schepers<\/a>.<\/p>\n<ul>\n<li><a href=\"https:\/\/www.rosa-luxemburg.com\/test\/news\/2015\/zwischenbilanz-zur-veranstaltungstour-die-drohnenkriege\/\">Zwischenbilanz zur Veranstaltungstournee \u201eDie Drohnenkriege\u201c<\/a><\/li>\n<li><a href=\"http:\/\/norbert.schepers.info\/p\/kontakt.html\" target=\"_blank\">Kontaktdetails auch hier im Blog von Norbert Schepers<\/a><\/li>\n<\/ul>\n<h3><strong>Drohnenkrieg und Flucht<\/strong><\/h3>\n<p>Wir versuchen, bei unserer Bildungs- und \u00d6ffentlichkeitsarbeit zum Thema Drohnenkriege auch <strong>die Sichtweise der Opfer dieser Art der Kriegsf\u00fchrung<\/strong> zu Wort kommen zu lassen. Wir wollen nun nach Deutschland <strong>Gefl\u00fcchtete zu ihren Erfahrungen mit Drohnen befragen<\/strong> und die Ergebnisse in geeigneter Form dokumentieren. Die ZeugInnen entscheiden dabei, in welcher Form (Audio, Video) ihre Berichte \u00f6ffentlich gemacht werden. Wir wollen damit die Sicht der Opfer im Diskurs \u00fcber den Drohnenkrieg deutlicher und st\u00e4rker sichtbar machen, und besonders diese Menschen selbst zu Wort kommen zu lassen&#8230; Mehr zu unserem Projekt <a href=\"https:\/\/www.rosa-luxemburg.com\/test\/projekte\/dronewars\/refugees\/\">Drohnenkrieg und Flucht<\/a>.<\/p>\n<div id=\"attachment_7597\" style=\"width: 310px\" class=\"wp-caption alignnone\"><a href=\"https:\/\/www.rosa-luxemburg.com\/test\/wp-content\/uploads\/2016\/05\/DSG-drone-overview.png\"><img loading=\"lazy\" decoding=\"async\" aria-describedby=\"caption-attachment-7597\" class=\"size-medium wp-image-7597\" src=\"https:\/\/www.rosa-luxemburg.com\/test\/wp-content\/uploads\/2016\/05\/DSG-drone-overview-300x209.png\" alt=\"Drone Survival Guide drone overview\" width=\"300\" height=\"209\" srcset=\"https:\/\/www.rosa-luxemburg.com\/test\/wp-content\/uploads\/2016\/05\/DSG-drone-overview-300x209.png 300w, https:\/\/www.rosa-luxemburg.com\/test\/wp-content\/uploads\/2016\/05\/DSG-drone-overview-1024x715.png 1024w\" sizes=\"auto, (max-width: 300px) 100vw, 300px\" \/><\/a><p id=\"caption-attachment-7597\" class=\"wp-caption-text\">Drone Survival Guide http:\/\/www.dronesurvivalguide.org<\/p><\/div>\n","protected":false},"excerpt":{"rendered":"<p>The Drone Wars \u2013 Die Drohnenkriege Die Drohnenkriege sind Ausdruck einer rasanten Entwicklung: vom \u201eglobalen Krieg gegen den Terror\u201c nach 9\/11 zur Kriegsf\u00fchrung der Zukunft. Einer Zukunft, die\u00a0gelegentlich der Science [&hellip;]<\/p>\n","protected":false},"author":10,"featured_media":0,"parent":247,"menu_order":0,"comment_status":"closed","ping_status":"closed","template":"","meta":{"_acf_changed":false,"footnotes":""},"class_list":["post-7460","page","type-page","status-publish","hentry"],"acf":[],"aioseo_notices":[],"_links":{"self":[{"href":"https:\/\/www.rosa-luxemburg.com\/test\/wp-json\/wp\/v2\/pages\/7460","targetHints":{"allow":["GET"]}}],"collection":[{"href":"https:\/\/www.rosa-luxemburg.com\/test\/wp-json\/wp\/v2\/pages"}],"about":[{"href":"https:\/\/www.rosa-luxemburg.com\/test\/wp-json\/wp\/v2\/types\/page"}],"author":[{"embeddable":true,"href":"https:\/\/www.rosa-luxemburg.com\/test\/wp-json\/wp\/v2\/users\/10"}],"replies":[{"embeddable":true,"href":"https:\/\/www.rosa-luxemburg.com\/test\/wp-json\/wp\/v2\/comments?post=7460"}],"version-history":[{"count":10,"href":"https:\/\/www.rosa-luxemburg.com\/test\/wp-json\/wp\/v2\/pages\/7460\/revisions"}],"predecessor-version":[{"id":7618,"href":"https:\/\/www.rosa-luxemburg.com\/test\/wp-json\/wp\/v2\/pages\/7460\/revisions\/7618"}],"up":[{"embeddable":true,"href":"https:\/\/www.rosa-luxemburg.com\/test\/wp-json\/wp\/v2\/pages\/247"}],"wp:attachment":[{"href":"https:\/\/www.rosa-luxemburg.com\/test\/wp-json\/wp\/v2\/media?parent=7460"}],"curies":[{"name":"wp","href":"https:\/\/api.w.org\/{rel}","templated":true}]}}