{"id":7862,"date":"2017-01-10T16:19:16","date_gmt":"2017-01-10T14:19:16","guid":{"rendered":"http:\/\/www.rosa-luxemburg.com\/?page_id=7862"},"modified":"2017-01-27T06:21:01","modified_gmt":"2017-01-27T04:21:01","slug":"open-monday","status":"publish","type":"page","link":"https:\/\/www.rosa-luxemburg.com\/test\/projekte\/open-monday\/","title":{"rendered":"Open Monday"},"content":{"rendered":"<p><strong>Asamblea \u2013 Open Monday<br \/>\nPolitische Selbstorganisation von Gefl\u00fcchteten<\/strong><\/p>\n<p>\u00dcber Gefl\u00fcchtete wird derzeit viel gesprochen. In den Medien ist von der \u201eFl\u00fcchtlingsfrage\u201c die Rede, vom \u201eFl\u00fcchtlingsproblem\u201c, das es zu l\u00f6sen gilt. Die Gefl\u00fcchteten selbst erscheinen dabei kaum als politisch reflektiert Handelnde. So werden sie in der \u00d6ffentlichkeit oft zu einer gesichtslosen, anonymen Menge, \u00fcber deren Schicksal andere entscheiden (sollen).<\/p>\n<p>Das Projekt \u201eAsamblea \u2013 Open Monday\u201c der Rosa-Luxemburg-Initiative (die Rosa-Luxemburg-Stiftung in Bremen) schafft einen sozialen Ort der politischen Aktivierung und Artikulation f\u00fcr Refugees in Bremen. Hier werden die Teilnehmenden als handlungsm\u00e4chtige AkteurInnen ernst genommen. Seit der Gr\u00fcndung im August 2016 hat es wachsenden Zulauf erfahren. Derzeit treffen sich etwa 25 bis 50 vornehmlich gefl\u00fcchtete Menschen w\u00f6chentlich im soziokulturellem Zentrum \u201eParadox\u201c, um sich \u00fcber verschiedene migrationspolitische Themen auszutauschen. Die Struktur erm\u00f6glicht es den Teilnehmenden dar\u00fcberhinaus, gemeinsam zu kochen und zu essen. Erg\u00e4nzend gibt es das Angebot einer Rechtsberatung f\u00fcr Gefl\u00fcchtete.<\/p>\n<p>Die intensive gemeinsame Arbeit findet ihren Niederschlag in konkreten Aktionen: zwei \u00f6ffentliche Informationsveranstaltungen zur politischen Lage in Afghanistan bzw. in Syrien, sowie zwei \u00f6ffentliche Demonstrationen gegen den Krieg in Aleppo und gegen die Erkl\u00e4rung Afghanistans zum sicheren Herkunftsland haben bereits stattgefunden.<\/p>\n<p>Die \u201eAsamblea \u2013 Open Monday\u201c ist mehr als ein fixer Treffpunkt f\u00fcr Gefl\u00fcchtete. Sie kann zu einem Zentrum des Aufbruchs aus der erzwungenen Passivit\u00e4t in eine aktive Teilhabe werden.<\/p>\n","protected":false},"excerpt":{"rendered":"<p>Asamblea \u2013 Open Monday Politische Selbstorganisation von Gefl\u00fcchteten \u00dcber Gefl\u00fcchtete wird derzeit viel gesprochen. In den Medien ist von der \u201eFl\u00fcchtlingsfrage\u201c die Rede, vom \u201eFl\u00fcchtlingsproblem\u201c, das es zu l\u00f6sen gilt. [&hellip;]<\/p>\n","protected":false},"author":10,"featured_media":0,"parent":247,"menu_order":0,"comment_status":"closed","ping_status":"closed","template":"","meta":{"_acf_changed":false,"footnotes":""},"class_list":["post-7862","page","type-page","status-publish","hentry"],"acf":[],"aioseo_notices":[],"_links":{"self":[{"href":"https:\/\/www.rosa-luxemburg.com\/test\/wp-json\/wp\/v2\/pages\/7862","targetHints":{"allow":["GET"]}}],"collection":[{"href":"https:\/\/www.rosa-luxemburg.com\/test\/wp-json\/wp\/v2\/pages"}],"about":[{"href":"https:\/\/www.rosa-luxemburg.com\/test\/wp-json\/wp\/v2\/types\/page"}],"author":[{"embeddable":true,"href":"https:\/\/www.rosa-luxemburg.com\/test\/wp-json\/wp\/v2\/users\/10"}],"replies":[{"embeddable":true,"href":"https:\/\/www.rosa-luxemburg.com\/test\/wp-json\/wp\/v2\/comments?post=7862"}],"version-history":[{"count":1,"href":"https:\/\/www.rosa-luxemburg.com\/test\/wp-json\/wp\/v2\/pages\/7862\/revisions"}],"predecessor-version":[{"id":7863,"href":"https:\/\/www.rosa-luxemburg.com\/test\/wp-json\/wp\/v2\/pages\/7862\/revisions\/7863"}],"up":[{"embeddable":true,"href":"https:\/\/www.rosa-luxemburg.com\/test\/wp-json\/wp\/v2\/pages\/247"}],"wp:attachment":[{"href":"https:\/\/www.rosa-luxemburg.com\/test\/wp-json\/wp\/v2\/media?parent=7862"}],"curies":[{"name":"wp","href":"https:\/\/api.w.org\/{rel}","templated":true}]}}