{"id":8610,"date":"2018-05-24T13:24:32","date_gmt":"2018-05-24T11:24:32","guid":{"rendered":"http:\/\/www.rosa-luxemburg.com\/?page_id=8610"},"modified":"2023-06-30T11:37:06","modified_gmt":"2023-06-30T09:37:06","slug":"datenschutzerklaerung","status":"publish","type":"page","link":"https:\/\/www.rosa-luxemburg.com\/test\/datenschutzerklaerung\/","title":{"rendered":"Datenschutzerkl\u00e4rung"},"content":{"rendered":"<h2>Wer wir sind<\/h2>\n<p>Die <em>Rosa-Luxemburg-Initiative \u2013 Bremer Forum f\u00fcr Bildung, Gesellschaftsanalyse und -kritik e.V.<\/em> (28195 Bremen) ist die Bremer Landesstiftung der <a href=\"http:\/\/www.rosalux.de\" target=\"_blank\" rel=\"noopener noreferrer\">Rosa-Luxemburg-Stiftung<\/a> (Franz-Mehring-Platz 1, 10243 Berlin) und betreibt unter der Internet-Adresse <a href=\"https:\/\/www.rosa-luxemburg.com\/test\">www.rosa-luxemburg.com<\/a> (sowie unter weiteren Domains, siehe <a href=\"https:\/\/www.rosa-luxemburg.com\/test\/impressum\/\">Impressum<\/a>) ein aktuelles Dienste- und Informationsangebot.<\/p>\n<p>Als Anbieterin nehmen wir den Schutz Ihrer pers\u00f6nlichen Daten ernst und halten uns strikt an die Regeln der Datenschutzgesetze. Personenbezogene Daten werden auf dieser Website nur im notwendigen Umfang erhoben. In keinem Fall werden die erhobenen Daten verkauft oder aus anderen Gr\u00fcnden an Dritte weitergegeben. Die nachfolgende Erkl\u00e4rung gibt einen \u00dcberblick dar\u00fcber, wie wir diesen Schutz gew\u00e4hrleisten und welche Art von Daten zu welchem Zweck erhoben werden. \u00c4nderungen der Datenschutzerkl\u00e4rung wird an dieser Stelle bekannt gegeben.<\/p>\n<p>Hier finden Sie unsere <a href=\"https:\/\/www.rosa-luxemburg.com\/test\/kontakt\/\">Kontaktdaten<\/a> und hier unser <a href=\"https:\/\/www.rosa-luxemburg.com\/test\/impressum\/\">Impressum<\/a>.<\/p>\n<h2 class=\"intro__title\">Erkl\u00e4rung zum Datenschutz<\/h2>\n<section id=\"c19193\" class=\"component component--textmedia\">\n<div class=\"textmedia textmedia--above\">\n<div class=\"textmedia__text\">\n<h5><strong>Anonymisierte Datenverarbeitung<\/strong><\/h5>\n<p>Bei der Nutzung von Internetangeboten fallen Daten an, die Ihr Browser an uns \u00fcbermittelt und die in den Protokolldateien des Webservers gespeichert werden. Dies sind:<\/p>\n<ul>\n<li>Anonymisierte IP Adresse<\/li>\n<li>Browsertyp\/ -version<\/li>\n<li>verwendetes Betriebssystem<\/li>\n<li>Referrer URL (die zuvor besuchte Seite)<\/li>\n<li>Uhrzeit der Serveranfrage<\/li>\n<\/ul>\n<p>Diese Daten sind f\u00fcr die Dienstanbieterin nicht bestimmten Personen zuzuordnen. Sie werden ausschlie\u00dflich f\u00fcr systembezogene und statistische Zwecke genutzt. Eine Zusammenf\u00fchrung dieser Daten mit anderen Datenquellen wird nicht vorgenommen.<\/p>\n<h5><strong>Cookies\u00a0 <\/strong><\/h5>\n<p>Beim Aufruf der Startseite werden\u00a0Cookies tempor\u00e4r im Browser gespeichert. Tempor\u00e4r hei\u00dft, die Cookies sind nur g\u00fcltig bis zum Ende der jeweiligen Browsersitzung (Session) bzw. f\u00fcr einen l\u00e4ngeren Zeitraum (Webanalyse). Die Cookies enthalten keine benutzerspezifischen bzw. personenbezogenen Daten und werden nur f\u00fcr statistische Zwecke benutzt.<\/p>\n<p>Auf verschiedenen Seiten k\u00f6nnen u.U. Daten \u00fcber Cookies durch Drittanbieter, deren Dienste wir beanspruchen (SoundCloud, Google, Facebook, Twitter, Youtube, Flickr etc.), erhoben werden. Sie k\u00f6nnen das verhindern, indem Sie in Ihren Browsereinstellungen Cookies von Drittanbietern nicht akzeptieren.<\/p>\n<h5><strong>Social Share-Funktion<\/strong><\/h5>\n<p>Die Social Share-Buttons von Twitter, Facebook und anderen \u00fcbermitteln keine Daten automatisch an den Anbieter des Dienstes beim Besuch der Website. Auch nach dem Klicken auf den Teilen-Button werden keine benutzerspezifischen Daten an den Anbieter \u00fcbermittelt.<\/p>\n<\/div>\n<\/div>\n<\/section>\n<section id=\"c37250\" class=\"component component--textmedia\">\n<div class=\"textmedia textmedia--above\">\n<div class=\"textmedia__text\">\n<h5>Newsletter und Abonnements<\/h5>\n<p>Wenn Sie den auf der Website angebotenen Newsletter empfangen m\u00f6chten, ben\u00f6tigen wir von Ihnen eine valide Email-Adresse sowie Informationen, die uns die \u00dcberpr\u00fcfung gestatten, dass Sie der Inhaber der angegebenen Email-Adresse sind bzw. deren Inhaber mit dem Empfang des Newsletters einverstanden ist. Weitere Daten werden nicht erhoben. Der Newsletter \u201eRLI-News\u201c der Rosa-Luxemburg-Initiative basiert auf der Software Mailman und l\u00e4uft auf dem Listen-Server der Rosa-Luxemburg-Stiftung. Unter diesem Link k\u00f6nnen sich Interessierte in unsere Mailingliste selbst ein- oder austragen: <a href=\"http:\/\/lists.rosalux.de\/mailman\/listinfo\/rli-news\" target=\"_blank\" rel=\"noopener noreferrer\">RLI-News Infoseite<\/a>.<\/p>\n<p>Ihre Einwilligung zur Speicherung und Nutzung dieser Daten k\u00f6nnen Sie jederzeit widerrufen.<\/p>\n<h5>Kommentare, Emails<\/h5>\n<p>Selbstverst\u00e4ndlich erfassen und speichern wir solche Informationen, die Sie in Blogs, Nachrichten-Boards und \u00e4hnliche \u00f6ffentliche Informationssysteme eingeben oder uns in sonstiger Weise \u00fcbermitteln. Das betrifft etwa Kommentare, Namen, Email-Adressen und URLs, die Sie in die entsprechenden Kommentarfelder eintragen. Diese Angaben geschehen freiwillig und werden in keiner Weise \u00fcberpr\u00fcft, die Verwendung von Pseudonymen etc. ist m\u00f6glich. Wir weisen darauf hin, dass Name, angegebene Webseite und Kommentare f\u00fcr jeden Benutzer der Seite einzusehen sind.<\/p>\n<h5>Auskunftsrecht<\/h5>\n<p>Sie haben jederzeit das Recht auf Auskunft \u00fcber die bez\u00fcglich Ihrer Person gespeicherten Daten, deren Herkunft und Empf\u00e4nger sowie den Zweck der Speicherung. Au\u00dferdem k\u00f6nnen Sie nat\u00fcrlich jederzeit Ihre Zustimmung zur Erhebung und Speicherung Ihrer personenbezogenen Daten widerrufen.<\/p>\n<p>Bitte kontaktieren Sie uns, wenn Sie Fragen haben, die Ihnen diese Datenschutzerkl\u00e4rung nicht beantworten konnte oder wenn Sie zu einem Punkt vertiefte Informationen w\u00fcnschen.<\/p>\n<p>Ein <strong>\u00d6ffentliches Verfahrensverzeichnis\u00a0<\/strong>gem\u00e4\u00df \u00a74e BDSG finden Sie\u00a0<a href=\"https:\/\/www.rosalux.de\/impressum\/oeffentliches-verfahrensverzeichnis\/\">hier<\/a><strong>.<\/strong><\/p>\n<\/div>\n<\/div>\n<\/section>\n<h2>Kontakt<\/h2>\n<p><strong>Verantwortlicher Kontakt f\u00fcr diese Website (responsible person according to german law):<\/strong><br \/>\nNorbert Schepers, Gesch\u00e4ftsf\u00fchrer Rosa-Luxemburg-Initiative e.V.<br \/>\nAm Wall 149\/150 | 28195 Bremen | Germany<br \/>\nMobil: +49 172 4048640 | Telefon: +49 421 3909620<br \/>\nMail: <a href=\"mailto:info@rosa-luxemburg.com\">info@rosa-luxemburg.com<\/a><\/p>\n","protected":false},"excerpt":{"rendered":"<p>Wer wir sind Die Rosa-Luxemburg-Initiative \u2013 Bremer Forum f\u00fcr Bildung, Gesellschaftsanalyse und -kritik e.V. (28195 Bremen) ist die Bremer Landesstiftung der Rosa-Luxemburg-Stiftung (Franz-Mehring-Platz 1, 10243 Berlin) und betreibt unter der [&hellip;]<\/p>\n","protected":false},"author":10,"featured_media":0,"parent":0,"menu_order":0,"comment_status":"closed","ping_status":"closed","template":"","meta":{"_acf_changed":false,"footnotes":""},"class_list":["post-8610","page","type-page","status-publish","hentry"],"acf":[],"aioseo_notices":[],"_links":{"self":[{"href":"https:\/\/www.rosa-luxemburg.com\/test\/wp-json\/wp\/v2\/pages\/8610","targetHints":{"allow":["GET"]}}],"collection":[{"href":"https:\/\/www.rosa-luxemburg.com\/test\/wp-json\/wp\/v2\/pages"}],"about":[{"href":"https:\/\/www.rosa-luxemburg.com\/test\/wp-json\/wp\/v2\/types\/page"}],"author":[{"embeddable":true,"href":"https:\/\/www.rosa-luxemburg.com\/test\/wp-json\/wp\/v2\/users\/10"}],"replies":[{"embeddable":true,"href":"https:\/\/www.rosa-luxemburg.com\/test\/wp-json\/wp\/v2\/comments?post=8610"}],"version-history":[{"count":5,"href":"https:\/\/www.rosa-luxemburg.com\/test\/wp-json\/wp\/v2\/pages\/8610\/revisions"}],"predecessor-version":[{"id":10661,"href":"https:\/\/www.rosa-luxemburg.com\/test\/wp-json\/wp\/v2\/pages\/8610\/revisions\/10661"}],"wp:attachment":[{"href":"https:\/\/www.rosa-luxemburg.com\/test\/wp-json\/wp\/v2\/media?parent=8610"}],"curies":[{"name":"wp","href":"https:\/\/api.w.org\/{rel}","templated":true}]}}